{"id":16,"date":"2025-07-26T19:21:25","date_gmt":"2025-07-26T17:21:25","guid":{"rendered":"https:\/\/aquamarine-alligator-339159.hostingersite.com\/?page_id=16"},"modified":"2025-08-22T00:21:56","modified_gmt":"2025-08-21T22:21:56","slug":"nosotros","status":"publish","type":"page","link":"https:\/\/minifincaseden.com\/index.php\/nosotros\/","title":{"rendered":"Nosotros"},"content":{"rendered":"\n<div class=\"wp-block-uagb-container uagb-block-1ee562ec alignfull uagb-is-root-container\"><div class=\"uagb-container-inner-blocks-wrap\"><h2 class=\"has-text-align-center wp-block-post-title\">Nosotros<\/h2><\/div><\/div>\n\n\n\n<p class=\"has-text-align-center has-medium-font-size\" style=\"border-style:none;border-width:0px;border-radius:0px;padding-top:var(--wp--preset--spacing--30);padding-right:var(--wp--preset--spacing--80);padding-bottom:var(--wp--preset--spacing--30);padding-left:var(--wp--preset--spacing--80)\">Nuestro compromiso es ofrecer espacios que invitan a reconectar con lo esencial: la tierra, La paz y el equilibrio a trav\u00e9s de nuestro concepto de Mini fincas, ideal para quienes buscan un estilo de vida m\u00e1s consiente, rodeado de la naturaleza pero sin renunciar al confort y sobre todo estrat\u00e9gicamente ubicado en un punto medio que te permite acceder a la naturaleza, playas o el centro de Guayaquil, en una hora o menos.<\/p>\n\n\n\n<p class=\"has-text-align-center has-medium-font-size\" style=\"border-style:none;border-width:0px;border-radius:0px;padding-top:var(--wp--preset--spacing--30);padding-right:var(--wp--preset--spacing--80);padding-bottom:var(--wp--preset--spacing--30);padding-left:var(--wp--preset--spacing--80)\">Mas que vender terrenos creamos oportunidades para vivir con sentido, en espacios donde florece la vida en todas sus formas y donde podr\u00e1s brindarte a ti y tu familia la oportunidad de combinar lo mejor del campo y la ciudad, lejos del ruido y cerca de todo.<\/p>\n\n\n\n<p style=\"border-style:none;border-width:0px;border-radius:0px;margin-top:var(--wp--preset--spacing--80);margin-right:var(--wp--preset--spacing--80);margin-bottom:var(--wp--preset--spacing--80);margin-left:var(--wp--preset--spacing--80);padding-top:0;padding-right:var(--wp--preset--spacing--80);padding-bottom:0;padding-left:var(--wp--preset--spacing--80)\"><\/p>\n\n\n\n<div class=\"wp-block-uagb-container uagb-block-ea2ee5bc alignfull uagb-is-root-container\"><div class=\"uagb-container-inner-blocks-wrap\">\n<div class=\"wp-block-uagb-container uagb-block-da8a92cc\">\n<figure class=\"wp-block-gallery has-nested-images columns-default is-cropped wp-block-gallery-1 is-layout-flex wp-block-gallery-is-layout-flex\">\n<figure class=\"wp-block-image size-large\"><img loading=\"lazy\" decoding=\"async\" width=\"853\" height=\"1280\" data-id=\"69\" src=\"https:\/\/minifincaseden.com\/wp-content\/uploads\/2025\/07\/ga197a1e17a08a4236dc07981c705b72f287efcfc99c1bad44f9c826e0b9c59bf1ec67fda492b049ad05d29bd60e13469_1280-599987.jpg\" alt=\"guayaquil, lighthouse, ecuador, guayaquil, guayaquil, guayaquil, guayaquil, guayaquil\" class=\"wp-image-69\"\/><\/figure>\n\n\n\n<figure class=\"wp-block-image size-large\"><img loading=\"lazy\" decoding=\"async\" width=\"1280\" height=\"831\" data-id=\"70\" src=\"https:\/\/minifincaseden.com\/wp-content\/uploads\/2025\/07\/g7115227e4a368fa8d8589294ec7db7ebc67f2e5624c1d3422c38c28cc753171991498f292fd73f7c691af96cd0be9ec1c212145cb0a06307ba45d400d90d044b_1280-4898712.jpg\" alt=\"playa, atardecer, mar, sol, relajaci\u00f3n, yoga, beach, sun, nature, costa, brown yoga, sol, sol, sol, sol, sol\" class=\"wp-image-70\"\/><\/figure>\n\n\n\n<figure class=\"wp-block-image size-large\" style=\"margin-top:0;margin-bottom:0\"><img loading=\"lazy\" decoding=\"async\" width=\"960\" height=\"1280\" data-id=\"72\" src=\"https:\/\/minifincaseden.com\/wp-content\/uploads\/2025\/07\/g0ed8ac66f0a5cd4d4e449149141f71694f4673e8831728c97337151108564e4251daac55435dd464c345b890fb247ad68d7f865abf845e5c4e48d8810d8db3aa_1280-5036764.jpg\" alt=\"plantas, flores, vida, rojas, lindas, naturaleza, flores, flores, flores, flores, flores\" class=\"wp-image-72\"\/><\/figure>\n<\/figure>\n<\/div>\n<\/div><\/div>\n\n\n\n<div class=\"wp-block-uagb-container uagb-block-7422c885 alignfull uagb-is-root-container\"><div class=\"uagb-container-inner-blocks-wrap\">\n<div class=\"wp-block-uagb-container uagb-block-341d2a1b\">\n<div class=\"wp-block-uagb-container uagb-block-046dc5a3\"><\/div>\n\n\n\n<div class=\"wp-block-uagb-container uagb-block-4e00ede9\"><\/div>\n<\/div>\n<\/div><\/div>\n\n\n\n<div class=\"wp-block-uagb-container uagb-block-29ef7a5c alignfull uagb-is-root-container\"><div class=\"uagb-container-inner-blocks-wrap\">\n<div class=\"wp-block-uagb-container uagb-block-d6623701\">\n<div class=\"wp-block-uagb-container uagb-block-d1833442\"><\/div>\n<\/div>\n<\/div><\/div>\n\n\n\n<h2 class=\"wp-block-heading has-text-align-center\">Nuestra Misi\u00f3n<\/h2>\n\n\n\n<p class=\"has-text-align-center has-medium-font-size\" style=\"margin-top:var(--wp--preset--spacing--80);margin-right:var(--wp--preset--spacing--80);margin-bottom:var(--wp--preset--spacing--80);margin-left:var(--wp--preset--spacing--80);padding-top:0;padding-right:var(--wp--preset--spacing--80);padding-bottom:0;padding-left:var(--wp--preset--spacing--80)\">Ofrecer espacios \u00fanicos a trav\u00e9s de nuestro concepto de Mini Fincas Ed\u00e9n promoviendo un estilo de vida en equilibrio paz y bienestar, parar personas que aman la naturaleza con una perspectiva de vida  respetuosa del entorno y que gustan de practicas sostenibles que armonicen con la vida rural en una comunidad moderna. <\/p>\n\n\n\n<div class=\"wp-block-uagb-container uagb-block-0aa4a2c9 alignfull uagb-is-root-container\"><div class=\"uagb-container-inner-blocks-wrap\">\t\t\t\t\t<div\n\t\t\t\t\t\tclass=\"wp-block-uagb-image-gallery uagb-block-6c4f053d     \"\n\t\t\t\t\t\tstyle=\"\"\n\t\t\t\t\t>\n\t\t\t\t\t\t\t\t\t\t\t<div class=\"spectra-image-gallery spectra-image-gallery__layout--grid spectra-image-gallery__layout--grid-col-3 spectra-image-gallery__layout--grid-col-tab-3 spectra-image-gallery__layout--grid-col-mob-2\">\n\t\t\t\t\t\t\t\t\t\t\t<div class='spectra-image-gallery__media-wrapper' data-spectra-gallery-image-id='78' tabindex=\"0\">\n\t\t\t\t\t\t\t<div class=\"spectra-image-gallery__media spectra-image-gallery__media--grid\">\n\t\t\t\t<picture>\n\t\t\t\t\t<source media=\"(min-width: 1024px)\" srcset=\"https:\/\/minifincaseden.com\/wp-content\/uploads\/2025\/07\/ga8ad5bb1475a560fa288bb44a20dc4b9ab6b2c821e6a97a96f4391ddbec72098ad3efab81710180e37041d9808723240fb13e69cf353bdc6d60f91e011ec65a8_1280-2192128.jpg\">\n\t\t\t\t\t<source media=\"(min-width: 768px)\" srcset=\"https:\/\/minifincaseden.com\/wp-content\/uploads\/2025\/07\/ga8ad5bb1475a560fa288bb44a20dc4b9ab6b2c821e6a97a96f4391ddbec72098ad3efab81710180e37041d9808723240fb13e69cf353bdc6d60f91e011ec65a8_1280-2192128.jpg\">\n\t\t\t\t\t<img decoding=\"async\" class=\"spectra-image-gallery__media-thumbnail spectra-image-gallery__media-thumbnail--grid\" src=\"https:\/\/minifincaseden.com\/wp-content\/uploads\/2025\/07\/ga8ad5bb1475a560fa288bb44a20dc4b9ab6b2c821e6a97a96f4391ddbec72098ad3efab81710180e37041d9808723240fb13e69cf353bdc6d60f91e011ec65a8_1280-2192128.jpg\" alt=\"banana, plantain, tree platano, mata de platano, banana, banana, plantain, plantain, plantain, plantain, plantain\" loading=\"lazy\" \/>\n\t\t\t\t<\/picture>\n\t\t\t\t<div class=\"spectra-image-gallery__media-thumbnail-blurrer\"><\/div>\n\t\t\t\t\t\t\t\t\t\t\t<div class=\"spectra-image-gallery__media-thumbnail-caption-wrapper spectra-image-gallery__media-thumbnail-caption-wrapper--overlay\">\n\t\t\t\t\t\t\t\t\t\t\t<div class=\"spectra-image-gallery__media-thumbnail-caption spectra-image-gallery__media-thumbnail-caption--overlay\">\n\t\t\t\t\t\t\t\t\t<\/div>\n\t\t\t\t\t\t\t\t\t\t<\/div>\n\t\t\t\t\t\t\t\t\t<\/div>\n\t\t\t\t\t\t<\/div>\n\t\t\t\t\t\t<div class='spectra-image-gallery__media-wrapper' data-spectra-gallery-image-id='79' tabindex=\"0\">\n\t\t\t\t\t\t\t<div class=\"spectra-image-gallery__media spectra-image-gallery__media--grid\">\n\t\t\t\t<picture>\n\t\t\t\t\t<source media=\"(min-width: 1024px)\" srcset=\"https:\/\/minifincaseden.com\/wp-content\/uploads\/2025\/07\/g807491b97af0e03fa2869b31c519141b07ce1b0366a1d6299bbf9b86cb18fe00041c79d26f59557fd309758182aa083ba11e4143488a46c87bae54f9d7f2fb05_1280-6803874.jpg\">\n\t\t\t\t\t<source media=\"(min-width: 768px)\" srcset=\"https:\/\/minifincaseden.com\/wp-content\/uploads\/2025\/07\/g807491b97af0e03fa2869b31c519141b07ce1b0366a1d6299bbf9b86cb18fe00041c79d26f59557fd309758182aa083ba11e4143488a46c87bae54f9d7f2fb05_1280-6803874.jpg\">\n\t\t\t\t\t<img decoding=\"async\" class=\"spectra-image-gallery__media-thumbnail spectra-image-gallery__media-thumbnail--grid\" src=\"https:\/\/minifincaseden.com\/wp-content\/uploads\/2025\/07\/g807491b97af0e03fa2869b31c519141b07ce1b0366a1d6299bbf9b86cb18fe00041c79d26f59557fd309758182aa083ba11e4143488a46c87bae54f9d7f2fb05_1280-6803874.jpg\" alt=\"gardening, backyard, gardening tools, nature, autumn, garden, gardening, gardening, gardening, gardening, gardening, gardening tools, gardening tools\" loading=\"lazy\" \/>\n\t\t\t\t<\/picture>\n\t\t\t\t<div class=\"spectra-image-gallery__media-thumbnail-blurrer\"><\/div>\n\t\t\t\t\t\t\t\t\t\t\t<div class=\"spectra-image-gallery__media-thumbnail-caption-wrapper spectra-image-gallery__media-thumbnail-caption-wrapper--overlay\">\n\t\t\t\t\t\t\t\t\t\t\t<div class=\"spectra-image-gallery__media-thumbnail-caption spectra-image-gallery__media-thumbnail-caption--overlay\">\n\t\t\t\t\t\t\t\t\t<\/div>\n\t\t\t\t\t\t\t\t\t\t<\/div>\n\t\t\t\t\t\t\t\t\t<\/div>\n\t\t\t\t\t\t<\/div>\n\t\t\t\t\t\t<div class='spectra-image-gallery__media-wrapper' data-spectra-gallery-image-id='80' tabindex=\"0\">\n\t\t\t\t\t\t\t<div class=\"spectra-image-gallery__media spectra-image-gallery__media--grid\">\n\t\t\t\t<picture>\n\t\t\t\t\t<source media=\"(min-width: 1024px)\" srcset=\"https:\/\/minifincaseden.com\/wp-content\/uploads\/2025\/07\/gc03b2a9e8d07cd724a41cb3b7165db8ce1d63399f77eaaefabd7c089ef764b9c419684144fd2ee5d8844adcc63348268ffc97b75bb01f419cefc728f8d346f0b_1280-1176412.jpg\">\n\t\t\t\t\t<source media=\"(min-width: 768px)\" srcset=\"https:\/\/minifincaseden.com\/wp-content\/uploads\/2025\/07\/gc03b2a9e8d07cd724a41cb3b7165db8ce1d63399f77eaaefabd7c089ef764b9c419684144fd2ee5d8844adcc63348268ffc97b75bb01f419cefc728f8d346f0b_1280-1176412.jpg\">\n\t\t\t\t\t<img decoding=\"async\" class=\"spectra-image-gallery__media-thumbnail spectra-image-gallery__media-thumbnail--grid\" src=\"https:\/\/minifincaseden.com\/wp-content\/uploads\/2025\/07\/gc03b2a9e8d07cd724a41cb3b7165db8ce1d63399f77eaaefabd7c089ef764b9c419684144fd2ee5d8844adcc63348268ffc97b75bb01f419cefc728f8d346f0b_1280-1176412.jpg\" alt=\"garden, plant, spring, sprout, dirt, earth, chard, natural, gardening, nature, soil, brown earth, brown gardening\" loading=\"lazy\" \/>\n\t\t\t\t<\/picture>\n\t\t\t\t<div class=\"spectra-image-gallery__media-thumbnail-blurrer\"><\/div>\n\t\t\t\t\t\t\t\t\t\t\t<div class=\"spectra-image-gallery__media-thumbnail-caption-wrapper spectra-image-gallery__media-thumbnail-caption-wrapper--overlay\">\n\t\t\t\t\t\t\t\t\t\t\t<div class=\"spectra-image-gallery__media-thumbnail-caption spectra-image-gallery__media-thumbnail-caption--overlay\">\n\t\t\t\t\t\t\t\t\t<\/div>\n\t\t\t\t\t\t\t\t\t\t<\/div>\n\t\t\t\t\t\t\t\t\t<\/div>\n\t\t\t\t\t\t<\/div>\n\t\t\t\t\t\t\t\t\t\t<\/div>\n\t\t\t\t\t\t\t\t\t\t\t\t\t\t\t\t\t\t<\/div>\n\t\t\t\t\t\t\t\t\t<\/div><\/div>\n\n\n\n<p><\/p>\n\n\n\n<p><\/p>\n\n\n\n<p><\/p>\n\n\n\n<p><\/p>\n\n\n\n<p><\/p>\n\n\n\n<h2 class=\"wp-block-heading has-text-align-center\">Nuestra Visi\u00f3n<\/h2>\n\n\n\n<p class=\"has-text-align-center has-medium-font-size\" style=\"border-style:none;border-width:0px;border-radius:0px;margin-top:var(--wp--preset--spacing--80);margin-right:var(--wp--preset--spacing--80);margin-bottom:var(--wp--preset--spacing--80);margin-left:var(--wp--preset--spacing--80)\">Ser lideres en la creaci\u00f3n de una comunidad agroecol\u00f3gica que inspiren una vida consciente en armon\u00eda con el entorno natural, so\u00f1amos con un futuro donde mas personas encuentren en nuestras mini fincas un refugio de paz, equilibrio y confort, cultivando no solo la tierra sino tambi\u00e9n un estilo de vida m\u00e1s humano y sostenible. <\/p>\n\n\n\n<div class=\"wp-block-uagb-container uagb-block-084f6f55 alignfull uagb-is-root-container\"><div class=\"uagb-container-inner-blocks-wrap\">\t\t\t\t\t<div\n\t\t\t\t\t\tclass=\"wp-block-uagb-image-gallery uagb-block-882fe389     \"\n\t\t\t\t\t\tstyle=\"\"\n\t\t\t\t\t>\n\t\t\t\t\t\t\t\t\t\t\t<div class=\"spectra-image-gallery spectra-image-gallery__layout--isogrid spectra-image-gallery__layout--isogrid-col-3 spectra-image-gallery__layout--isogrid-col-tab-3 spectra-image-gallery__layout--isogrid-col-mob-2\">\n\t\t\t\t\t\t\t\t\t\t\t<div class='spectra-image-gallery__media-wrapper--isotope'>\n\t\t\t\t\t\t\t<div class='spectra-image-gallery__media-wrapper' data-spectra-gallery-image-id='82' tabindex=\"0\">\n\t\t\t\t\t\t\t<div class=\"spectra-image-gallery__media spectra-image-gallery__media--grid\">\n\t\t\t\t<picture>\n\t\t\t\t\t<source media=\"(min-width: 1024px)\" srcset=\"https:\/\/minifincaseden.com\/wp-content\/uploads\/2025\/07\/g52a7a7ed19ef4cdc1661ee3d633d6a530fbac0fe973530132a822eb4241078566ddae4913728a913e47b37e7f9fd8d0bbdbf60ce8db8aee27ae7b803cae2e9a7_1280-7392843.jpg\">\n\t\t\t\t\t<source media=\"(min-width: 768px)\" srcset=\"https:\/\/minifincaseden.com\/wp-content\/uploads\/2025\/07\/g52a7a7ed19ef4cdc1661ee3d633d6a530fbac0fe973530132a822eb4241078566ddae4913728a913e47b37e7f9fd8d0bbdbf60ce8db8aee27ae7b803cae2e9a7_1280-7392843.jpg\">\n\t\t\t\t\t<img decoding=\"async\" class=\"spectra-image-gallery__media-thumbnail spectra-image-gallery__media-thumbnail--grid\" src=\"https:\/\/minifincaseden.com\/wp-content\/uploads\/2025\/07\/g52a7a7ed19ef4cdc1661ee3d633d6a530fbac0fe973530132a822eb4241078566ddae4913728a913e47b37e7f9fd8d0bbdbf60ce8db8aee27ae7b803cae2e9a7_1280-7392843.jpg\" alt=\"family, sun, love, grandparents, people, nature, family, family, family, family, family\" loading=\"lazy\" \/>\n\t\t\t\t<\/picture>\n\t\t\t\t<div class=\"spectra-image-gallery__media-thumbnail-blurrer\"><\/div>\n\t\t\t\t\t\t\t\t\t\t\t<div class=\"spectra-image-gallery__media-thumbnail-caption-wrapper spectra-image-gallery__media-thumbnail-caption-wrapper--overlay\">\n\t\t\t\t\t\t\t\t\t\t\t<div class=\"spectra-image-gallery__media-thumbnail-caption spectra-image-gallery__media-thumbnail-caption--overlay\">\n\t\t\t\t\tSin leyenda\t\t\t\t<\/div>\n\t\t\t\t\t\t\t\t\t\t<\/div>\n\t\t\t\t\t\t\t\t\t<\/div>\n\t\t\t\t\t\t<\/div>\n\t\t\t\t\t\t<\/div>\n\t\t\t\t\t\t<div class='spectra-image-gallery__media-wrapper--isotope'>\n\t\t\t\t\t\t\t<div class='spectra-image-gallery__media-wrapper' data-spectra-gallery-image-id='83' tabindex=\"0\">\n\t\t\t\t\t\t\t<div class=\"spectra-image-gallery__media spectra-image-gallery__media--grid\">\n\t\t\t\t<picture>\n\t\t\t\t\t<source media=\"(min-width: 1024px)\" srcset=\"https:\/\/minifincaseden.com\/wp-content\/uploads\/2025\/07\/g22b472a52d61fdbb5bf1221ac7cf0078f1c564c21a9a5117aa9484c2d38bd4d57667d4096be39c8a07dac252574db18e_1280-167423.jpg\">\n\t\t\t\t\t<source media=\"(min-width: 768px)\" srcset=\"https:\/\/minifincaseden.com\/wp-content\/uploads\/2025\/07\/g22b472a52d61fdbb5bf1221ac7cf0078f1c564c21a9a5117aa9484c2d38bd4d57667d4096be39c8a07dac252574db18e_1280-167423.jpg\">\n\t\t\t\t\t<img decoding=\"async\" class=\"spectra-image-gallery__media-thumbnail spectra-image-gallery__media-thumbnail--grid\" src=\"https:\/\/minifincaseden.com\/wp-content\/uploads\/2025\/07\/g22b472a52d61fdbb5bf1221ac7cf0078f1c564c21a9a5117aa9484c2d38bd4d57667d4096be39c8a07dac252574db18e_1280-167423.jpg\" alt=\"large hop trefoil, trifolium aureum, nature, flower wallpaper, blossom, beautiful flowers, bloom, flower background, flower, yellow, clover, trifolium, short stature, trifolium campestre, butterflies, faboideae, legumes, fabaceae, small flowers, small, pointed flower, close up, field clover\" loading=\"lazy\" \/>\n\t\t\t\t<\/picture>\n\t\t\t\t<div class=\"spectra-image-gallery__media-thumbnail-blurrer\"><\/div>\n\t\t\t\t\t\t\t\t\t\t\t<div class=\"spectra-image-gallery__media-thumbnail-caption-wrapper spectra-image-gallery__media-thumbnail-caption-wrapper--overlay\">\n\t\t\t\t\t\t\t\t\t\t\t<div class=\"spectra-image-gallery__media-thumbnail-caption spectra-image-gallery__media-thumbnail-caption--overlay\">\n\t\t\t\t\tSin leyenda\t\t\t\t<\/div>\n\t\t\t\t\t\t\t\t\t\t<\/div>\n\t\t\t\t\t\t\t\t\t<\/div>\n\t\t\t\t\t\t<\/div>\n\t\t\t\t\t\t<\/div>\n\t\t\t\t\t\t<div class='spectra-image-gallery__media-wrapper--isotope'>\n\t\t\t\t\t\t\t<div class='spectra-image-gallery__media-wrapper' data-spectra-gallery-image-id='84' tabindex=\"0\">\n\t\t\t\t\t\t\t<div class=\"spectra-image-gallery__media spectra-image-gallery__media--grid\">\n\t\t\t\t<picture>\n\t\t\t\t\t<source media=\"(min-width: 1024px)\" srcset=\"https:\/\/minifincaseden.com\/wp-content\/uploads\/2025\/07\/gc969e852f829e298e453511058e2310eed4de15215bcf2bae3f44768867b38766ead9b828a0ff5724fcdb21bf54fa1797264e115200b3739e95b93dfd0de96db_1280-8367079.jpg\">\n\t\t\t\t\t<source media=\"(min-width: 768px)\" srcset=\"https:\/\/minifincaseden.com\/wp-content\/uploads\/2025\/07\/gc969e852f829e298e453511058e2310eed4de15215bcf2bae3f44768867b38766ead9b828a0ff5724fcdb21bf54fa1797264e115200b3739e95b93dfd0de96db_1280-8367079.jpg\">\n\t\t\t\t\t<img decoding=\"async\" class=\"spectra-image-gallery__media-thumbnail spectra-image-gallery__media-thumbnail--grid\" src=\"https:\/\/minifincaseden.com\/wp-content\/uploads\/2025\/07\/gc969e852f829e298e453511058e2310eed4de15215bcf2bae3f44768867b38766ead9b828a0ff5724fcdb21bf54fa1797264e115200b3739e95b93dfd0de96db_1280-8367079.jpg\" alt=\"squirrel, rodent, animal, mammal, fauna, winter, autumn, wildlife, nature, squirrel, squirrel, squirrel, squirrel, squirrel\" loading=\"lazy\" \/>\n\t\t\t\t<\/picture>\n\t\t\t\t<div class=\"spectra-image-gallery__media-thumbnail-blurrer\"><\/div>\n\t\t\t\t\t\t\t\t\t\t\t<div class=\"spectra-image-gallery__media-thumbnail-caption-wrapper spectra-image-gallery__media-thumbnail-caption-wrapper--overlay\">\n\t\t\t\t\t\t\t\t\t\t\t<div class=\"spectra-image-gallery__media-thumbnail-caption spectra-image-gallery__media-thumbnail-caption--overlay\">\n\t\t\t\t\tSin leyenda\t\t\t\t<\/div>\n\t\t\t\t\t\t\t\t\t\t<\/div>\n\t\t\t\t\t\t\t\t\t<\/div>\n\t\t\t\t\t\t<\/div>\n\t\t\t\t\t\t<\/div>\n\t\t\t\t\t\t\t\t\t\t<\/div>\n\t\t\t\t\t\t\t\t\t\t<div class=\"spectra-image-gallery__control-wrapper\">\n\t\t\t\t<button data-role=\"none\" class=\"spectra-image-gallery__control-arrows spectra-image-gallery__control-arrows--grid\" aria-label=\"Previous\" tabIndex=\"0\" data-direction=\"Prev\" disabled>\n\t\t\t\t\t<svg width=\"20\" height=\"20\" viewBox=\"0 0 256 512\" aria-hidden=\"true\">\n\t\t\t\t\t\t<path d=\"M31.7 239l136-136c9.4-9.4 24.6-9.4 33.9 0l22.6 22.6c9.4 9.4 9.4 24.6 0 33.9L127.9 256l96.4 96.4c9.4 9.4 9.4 24.6 0 33.9L201.7 409c-9.4 9.4-24.6 9.4-33.9 0l-136-136c-9.5-9.4-9.5-24.6-.1-34z\">\n\t\t\t\t\t\t<\/path>\n\t\t\t\t\t<\/svg>\n\t\t\t\t<\/button>\n\t\t\t\t<ul class=\"spectra-image-gallery__control-dots\">\n\t\t\t\t\t\t\t\t\t\t\t<li class=\"spectra-image-gallery__control-dot spectra-image-gallery__control-dot--active\" data-go-to=\"1\">\n\t\t\t\t\t\t\t<button aria-label=\"Page 1\"><\/button>\n\t\t\t\t\t\t<\/li>\n\t\t\t\t\t\t\t\t\t\t\t\t<li class=\"spectra-image-gallery__control-dot\" data-go-to=\"2\">\n\t\t\t\t\t\t\t<button aria-label=\"Page 2\"><\/button>\n\t\t\t\t\t\t<\/li>\n\t\t\t\t\t\t\t\t\t\t<\/ul>\n\t\t\t\t<button data-role=\"none\" class=\"spectra-image-gallery__control-arrows spectra-image-gallery__control-arrows--grid\" aria-label=\"Next\" tabindex=\"0\" data-direction=\"Next\">\n\t\t\t\t\t<svg width=\"20\" height=\"20\" viewBox=\"0 0 256 512\" aria-hidden=\"true\">\n\t\t\t\t\t\t<path d=\"M224.3 273l-136 136c-9.4 9.4-24.6 9.4-33.9 0l-22.6-22.6c-9.4-9.4-9.4-24.6 0-33.9l96.4-96.4-96.4-96.4c-9.4-9.4-9.4-24.6 0-33.9L54.3 103c9.4-9.4 24.6-9.4 33.9 0l136 136c9.5 9.4 9.5 24.6.1 34z\">\n\t\t\t\t\t\t<\/path>\n\t\t\t\t\t<\/svg>\n\t\t\t\t<\/button>\n\t\t\t<\/div>\n\t\t\t\t\t\t\t\t\t\t\t\t\t\t<\/div>\n\t\t\t\t\t\t\t\t\t<\/div><\/div>\n","protected":false},"excerpt":{"rendered":"<p>Nuestro compromiso es ofrecer espacios que invitan a reconectar con lo esencial: la tierra, La paz y el equilibrio a [&hellip;]<\/p>\n","protected":false},"author":1,"featured_media":0,"parent":0,"menu_order":0,"comment_status":"closed","ping_status":"closed","template":"","meta":{"_uag_custom_page_level_css":"","site-sidebar-layout":"default","site-content-layout":"","ast-site-content-layout":"default","site-content-style":"default","site-sidebar-style":"default","ast-global-header-display":"","ast-banner-title-visibility":"","ast-main-header-display":"","ast-hfb-above-header-display":"","ast-hfb-below-header-display":"","ast-hfb-mobile-header-display":"","site-post-title":"disabled","ast-breadcrumbs-content":"","ast-featured-img":"","footer-sml-layout":"","theme-transparent-header-meta":"","adv-header-id-meta":"","stick-header-meta":"","header-above-stick-meta":"","header-main-stick-meta":"","header-below-stick-meta":"","astra-migrate-meta-layouts":"default","ast-page-background-enabled":"default","ast-page-background-meta":{"desktop":{"background-color":"var(--ast-global-color-5)","background-image":"","background-repeat":"repeat","background-position":"center center","background-size":"auto","background-attachment":"scroll","background-type":"","background-media":"","overlay-type":"","overlay-color":"","overlay-opacity":"","overlay-gradient":""},"tablet":{"background-color":"","background-image":"","background-repeat":"repeat","background-position":"center center","background-size":"auto","background-attachment":"scroll","background-type":"","background-media":"","overlay-type":"","overlay-color":"","overlay-opacity":"","overlay-gradient":""},"mobile":{"background-color":"","background-image":"","background-repeat":"repeat","background-position":"center center","background-size":"auto","background-attachment":"scroll","background-type":"","background-media":"","overlay-type":"","overlay-color":"","overlay-opacity":"","overlay-gradient":""}},"ast-content-background-meta":{"desktop":{"background-color":"var(--ast-global-color-4)","background-image":"","background-repeat":"repeat","background-position":"center center","background-size":"auto","background-attachment":"scroll","background-type":"","background-media":"","overlay-type":"","overlay-color":"","overlay-opacity":"","overlay-gradient":""},"tablet":{"background-color":"var(--ast-global-color-4)","background-image":"","background-repeat":"repeat","background-position":"center center","background-size":"auto","background-attachment":"scroll","background-type":"","background-media":"","overlay-type":"","overlay-color":"","overlay-opacity":"","overlay-gradient":""},"mobile":{"background-color":"var(--ast-global-color-4)","background-image":"","background-repeat":"repeat","background-position":"center center","background-size":"auto","background-attachment":"scroll","background-type":"","background-media":"","overlay-type":"","overlay-color":"","overlay-opacity":"","overlay-gradient":""}},"footnotes":""},"class_list":["post-16","page","type-page","status-publish","hentry"],"uagb_featured_image_src":{"full":false,"thumbnail":false,"medium":false,"medium_large":false,"large":false,"1536x1536":false,"2048x2048":false},"uagb_author_info":{"display_name":"Vanessa","author_link":"https:\/\/minifincaseden.com\/index.php\/author\/vanessa\/"},"uagb_comment_info":0,"uagb_excerpt":"Nuestro compromiso es ofrecer espacios que invitan a reconectar con lo esencial: la tierra, La paz y el equilibrio a [&hellip;]","_links":{"self":[{"href":"https:\/\/minifincaseden.com\/index.php\/wp-json\/wp\/v2\/pages\/16","targetHints":{"allow":["GET"]}}],"collection":[{"href":"https:\/\/minifincaseden.com\/index.php\/wp-json\/wp\/v2\/pages"}],"about":[{"href":"https:\/\/minifincaseden.com\/index.php\/wp-json\/wp\/v2\/types\/page"}],"author":[{"embeddable":true,"href":"https:\/\/minifincaseden.com\/index.php\/wp-json\/wp\/v2\/users\/1"}],"replies":[{"embeddable":true,"href":"https:\/\/minifincaseden.com\/index.php\/wp-json\/wp\/v2\/comments?post=16"}],"version-history":[{"count":26,"href":"https:\/\/minifincaseden.com\/index.php\/wp-json\/wp\/v2\/pages\/16\/revisions"}],"predecessor-version":[{"id":114,"href":"https:\/\/minifincaseden.com\/index.php\/wp-json\/wp\/v2\/pages\/16\/revisions\/114"}],"wp:attachment":[{"href":"https:\/\/minifincaseden.com\/index.php\/wp-json\/wp\/v2\/media?parent=16"}],"curies":[{"name":"wp","href":"https:\/\/api.w.org\/{rel}","templated":true}]}}